{"id":2,"date":"2023-12-19T17:33:04","date_gmt":"2023-12-19T20:33:04","guid":{"rendered":"http:\/\/xpprno.com\/?page_id=2"},"modified":"2024-10-12T16:50:19","modified_gmt":"2024-10-12T19:50:19","slug":"xpprno","status":"publish","type":"page","link":"https:\/\/xpprno.com\/index.php\/xpprno\/","title":{"rendered":"XPPRNO"},"content":{"rendered":"\n<p><\/p>\n\n\n\n<blockquote class=\"wp-block-quote is-layout-flow wp-block-quote-is-layout-flow\">\n<p>Ol\u00e1! Sejam todos bem vindos ao melhor site de putaria porn\u00f4 das onlyfans modelos criadoras er\u00f3ticas. Aqui voc\u00ea fica atualizado de v\u00eddeos picantes e sobre as mulheres peladinhas.<\/p>\n<\/blockquote>\n\n\n\n<p>.<\/p>\n\n\n\n<p class=\"has-text-align-center\"><strong>ABAIXO ALGUMAS CATEGORIAS <\/strong><\/p>\n\n\n\n<p class=\"has-text-align-center\"><a href=\"https:\/\/xpprno.com\/index.php\/category\/porno-menage\/\" target=\"_blank\" rel=\"noopener\" title=\"\">porn\u00f4 m\u00e9nage<\/a><\/p>\n\n\n\n<p class=\"has-text-align-center\"><a href=\"https:\/\/xpprno.com\/index.php\/category\/porno-nacional\/\" target=\"_blank\" rel=\"noopener\" title=\"\">porn\u00f4 amador<\/a><\/p>\n\n\n\n<p class=\"has-text-align-center\"><a href=\"https:\/\/xpprno.com\/index.php\/category\/pprno\/\" target=\"_blank\" rel=\"noopener\" title=\"\">pprno<\/a><\/p>\n\n\n\n<p class=\"has-text-align-center\"><a href=\"https:\/\/xpprno.com\/index.php\/category\/porno-nacional\/\" target=\"_blank\" rel=\"noopener\" title=\"\">porn\u00f4 nacional<\/a><br><br><\/p>\n","protected":false},"excerpt":{"rendered":"<p>Ol\u00e1! Sejam todos bem vindos ao melhor site de putaria porn\u00f4 das onlyfans modelos criadoras er\u00f3ticas. Aqui voc\u00ea fica atualizado de v\u00eddeos picantes e sobre as mulheres peladinhas. . ABAIXO ALGUMAS CATEGORIAS porn\u00f4 m\u00e9nage porn\u00f4 amador pprno porn\u00f4 nacional<\/p>\n","protected":false},"author":1,"featured_media":0,"parent":0,"menu_order":0,"comment_status":"closed","ping_status":"open","template":"","meta":{"om_disable_all_campaigns":false,"footnotes":""},"class_list":["post-2","page","type-page","status-publish","hentry"],"aioseo_notices":[],"_links":{"self":[{"href":"https:\/\/xpprno.com\/index.php\/wp-json\/wp\/v2\/pages\/2","targetHints":{"allow":["GET"]}}],"collection":[{"href":"https:\/\/xpprno.com\/index.php\/wp-json\/wp\/v2\/pages"}],"about":[{"href":"https:\/\/xpprno.com\/index.php\/wp-json\/wp\/v2\/types\/page"}],"author":[{"embeddable":true,"href":"https:\/\/xpprno.com\/index.php\/wp-json\/wp\/v2\/users\/1"}],"replies":[{"embeddable":true,"href":"https:\/\/xpprno.com\/index.php\/wp-json\/wp\/v2\/comments?post=2"}],"version-history":[{"count":1,"href":"https:\/\/xpprno.com\/index.php\/wp-json\/wp\/v2\/pages\/2\/revisions"}],"predecessor-version":[{"id":2973,"href":"https:\/\/xpprno.com\/index.php\/wp-json\/wp\/v2\/pages\/2\/revisions\/2973"}],"wp:attachment":[{"href":"https:\/\/xpprno.com\/index.php\/wp-json\/wp\/v2\/media?parent=2"}],"curies":[{"name":"wp","href":"https:\/\/api.w.org\/{rel}","templated":true}]}}