{"id":6044,"date":"2026-05-10T10:00:14","date_gmt":"2026-05-10T13:00:14","guid":{"rendered":"https:\/\/xpprno.com\/?page_id=6044"},"modified":"2026-05-10T11:08:25","modified_gmt":"2026-05-10T14:08:25","slug":"top-10-atrizes-pornstar-brasileiras","status":"publish","type":"page","link":"https:\/\/xpprno.com\/index.php\/top-10-atrizes-pornstar-brasileiras\/","title":{"rendered":"Top 10 hotwifes brasileiras casadas gostosas criadoras adultas 2026\ud83e\udd75\u200b\ud83c\udde7\ud83c\uddf7\u200b\ud83d\udc8d\u200b\ud83d\udc2e\u200b\ud83d\udc02\u200b"},"content":{"rendered":"\n<p>Veja abaixo Top 10 hotwifes brasileiras casadas gostosas, criadoras adultas do ramo liberal fodendo bem gostoso em um lindo sexo liberal com seus maridos e comedores de casadas. Aqui voc\u00ea encontra uma listinha das mais populares criadoras adultas do ramo liberal.<\/p>\n\n\n\n<p><\/p>\n\n\n\n<p><\/p>\n\n\n\n<h2 class=\"wp-block-heading\">1 &#8211; M\u00f4nica Lima gostosa dos peit\u00f5es criadora de conte\u00fado <\/h2>\n\n\n\n<p>Uma das musas mais belas hotwifes, essa linda atriz de conte\u00fado er\u00f3tico deixa qualquer um excitado por ela, com amis de 1 mil conte\u00fados na internet essa gata gostosa chama aten\u00e7\u00e3o com sua linda beleza e safadeza. Sem falar que \u00e9 dona de um belo corpo e adora uma marquinha, sem falar que ama gravar v\u00eddeos de m\u00e9nage e com mais de um homem, como por exemplo gangbang. (<a href=\"https:\/\/xpprno.com\/index.php\/tag\/monica-lima\/\" target=\"_blank\" rel=\"noopener\" title=\"\">MAIS CONTE\u00daDOS DELA CLICK AQUI<\/a>)<\/p>\n\n\n\n<iframe src=\"https:\/\/www.xvideos.com\/embedframe\/uhauvkb764b\" \nsandbox=\"allow-scripts allow-same-origin\"        \nframeborder=\"0\" \n        width=\"510\" \n        height=\"400\" \n        scrolling=\"no\" \n        allowfullscreen=\"true\">\n<\/iframe>\n\n\n\n<h2 class=\"wp-block-heading\">2 &#8211; ninfeta gostosa casada Natasha Rios<\/h2>\n\n\n\n<p>Essa linda mulher \u00e9 muito gostosa morena do bucet\u00e3o. Essa safada Natasha Rios vai te deixar cheio de tes\u00e3o. A gata simplesmente da trabalho para os comedores. Acompanhe essa linda ninfeta hotwife brasileira dando um belo trabalho em seus v\u00eddeos de sexo porn\u00f4 nacional (<a href=\"https:\/\/xpprno.com\/index.php\/tag\/natasha-rios\/\" target=\"_blank\" rel=\"noopener\" title=\"\">MAIS CONTE\u00daDOS DELA AQUI<\/a>)<\/p>\n\n\n\n<iframe src=\"https:\/\/www.xvideos.com\/embedframe\/kckpihd468d\" \nsandbox=\"allow-scripts allow-same-origin\"        \nframeborder=\"0\" \n        width=\"510\" \n        height=\"400\" \n        scrolling=\"no\" \n        allowfullscreen=\"true\">\n<\/iframe>\n\n\n\n<h2 class=\"wp-block-heading\">3 &#8211; Gata mascarada hotwifes Nayra Castro do casal novinhos da imperium<\/h2>\n\n\n\n<p>acompanhe os v\u00eddeos dessa bela gata Nayra Castro gata mascarada do xv\u00eddeos com mais de 300 m\u00eddias essa linda ciradora de conte\u00fado adulto vai deixar voc\u00ea louca de tes\u00e3o. (<a href=\"https:\/\/xpprno.com\/index.php\/tag\/novinhosdaimperium\/\" target=\"_blank\" rel=\"noopener\" title=\"\">V\u00cdDEOS DELA AQUI<\/a>)<\/p>\n\n\n\n<iframe src=\"https:\/\/www.xvideos.com\/embedframe\/uofdidbee7e\" \nsandbox=\"allow-scripts allow-same-origin\"        \nframeborder=\"0\" \n        width=\"510\" \n        height=\"400\" \n        scrolling=\"no\" \n        allowfullscreen=\"true\">\n<\/iframe>\n\n\n\n<h2 class=\"wp-block-heading\">4 &#8211; a gata hotwife <strong>Ju Devil<\/strong><\/h2>\n\n\n\n<p>v\u00eddeo da bela gostosa brasileita casada &nbsp;<strong>Ju Devil<\/strong> do canal <strong>Casaldevil<\/strong> com mais de 100 m\u00eddias gravadas, criadores adultos bem picantes e jovens, ruiva peituda. (<a href=\"https:\/\/xpprno.com\/index.php\/tag\/ju-devil\/\" target=\"_blank\" rel=\"noopener\" title=\"\">MAIS CONTE\u00daDOS DELA AQUI<\/a>)<\/p>\n\n\n\n<iframe src=\"https:\/\/www.xvideos.com\/embedframe\/ouethdc2517\" \nsandbox=\"allow-scripts allow-same-origin\"        \nframeborder=\"0\" \n        width=\"510\" \n        height=\"400\" \n        scrolling=\"no\" \n        allowfullscreen=\"true\">\n<\/iframe>\n\n\n\n<h2 class=\"wp-block-heading\">5 &#8211; gata ex-policial <strong>Daniela baker<\/strong> hotwife peituda <\/h2>\n\n\n\n<p>Olha essa nova hotwife uma das recentes criadoras de conte\u00fado adulto (<a href=\"https:\/\/xpprno.com\/index.php\/tag\/daniela-baker\/\" target=\"_blank\" rel=\"noopener\" title=\"\">MAIS M\u00cdDIAS AQUI<\/a>)<\/p>\n\n\n\n<iframe src=\"https:\/\/www.xvideos.com\/embedframe\/oufumfb28c2\" \nsandbox=\"allow-scripts allow-same-origin\"        \nframeborder=\"0\" \n        width=\"510\" \n        height=\"400\" \n        scrolling=\"no\" \n        allowfullscreen=\"true\">\n<\/iframe>\n\n\n\n<h2 class=\"wp-block-heading\">6 &#8211; A gata brasileira gostosa <strong>Bruna Carlos<\/strong><\/h2>\n\n\n\n<p>Uma das loiras mais gostosas do sexo liberal hotwife <strong>Bruna Carlos<\/strong> com mais de mil m\u00eddias. (<a href=\"https:\/\/xpprno.com\/index.php\/tag\/bruna-carlos\/\" target=\"_blank\" rel=\"noopener\" title=\"\">VEJA MAIS AQUI<\/a>)<\/p>\n\n\n\n<iframe src=\"https:\/\/www.xvideos.com\/embedframe\/ubbaeak4b29\" \nsandbox=\"allow-scripts allow-same-origin\"        \nframeborder=\"0\" \n        width=\"510\" \n        height=\"400\" \n        scrolling=\"no\" \n        allowfullscreen=\"true\">\n<\/iframe>\n\n\n\n<h2 class=\"wp-block-heading\">7 &#8211; gata peituda morena <strong>Kelabate<\/strong>&nbsp;\/ <strong>Kel Macettare<\/strong><\/h2>\n\n\n\n<p>Uma das mais famosas do ramo liberal <strong>Kel Macettare<\/strong> com mais de mil m\u00eddias, essa linda morena peituda \u00e9 um show de mulher (<a href=\"https:\/\/xpprno.com\/index.php\/tag\/kelabate\/\" target=\"_blank\" rel=\"noopener\" title=\"\">VEJA CONTE\u00daDOS DELA AQUI<\/a>)<\/p>\n\n\n\n<iframe src=\"https:\/\/www.xvideos.com\/embedframe\/otfofpb5718\" \nsandbox=\"allow-scripts allow-same-origin\"        \nframeborder=\"0\" \n        width=\"510\" \n        height=\"400\" \n        scrolling=\"no\" \n        allowfullscreen=\"true\">\n<\/iframe>\n\n\n\n<h2 class=\"wp-block-heading\">8 &#8211; <strong>Gabi Conkey<\/strong> loira peituda gostosa <\/h2>\n\n\n\n<p>Veja os v\u00eddeos dessa linda gata peituda loira <strong>Gabi Conkey<\/strong>, uma das hotwife mais sexy da internet. (<a href=\"https:\/\/xpprno.com\/index.php\/tag\/gabi-conkey\/\" target=\"_blank\" rel=\"noopener\" title=\"\">MAIS V\u00cdDEOS DELA AQUI<\/a>)<\/p>\n\n\n\n<iframe src=\"https:\/\/www.xvideos.com\/embedframe\/ucpvmfv371b\" \nsandbox=\"allow-scripts allow-same-origin\"        \nframeborder=\"0\" \n        width=\"510\" \n        height=\"400\" \n        scrolling=\"no\" \n        allowfullscreen=\"true\">\n<\/iframe>\n\n\n\n<h2 class=\"wp-block-heading\">9 &#8211; hotwife <strong>Elo Cardone<\/strong> loira gulosa gostosa <\/h2>\n\n\n\n<p>uma bela safada sexy <strong>Elo Cardone<\/strong> loira gostosa da buceta perfeita (<a href=\"https:\/\/xpprno.com\/index.php\/tag\/elo-cardone\/\" target=\"_blank\" rel=\"noopener\" title=\"\">MAIS CONTE\u00daDOS AQUI<\/a>)<\/p>\n\n\n\n<iframe src=\"https:\/\/www.xvideos.com\/embedframe\/ulklcmo5326\" \nsandbox=\"allow-scripts allow-same-origin\"        \nframeborder=\"0\" \n        width=\"510\" \n        height=\"400\" \n        scrolling=\"no\" \n        allowfullscreen=\"true\">\n<\/iframe>\n\n\n\n<h2 class=\"wp-block-heading\">10 &#8211; <strong>Gabbie Luna<\/strong> ninfeta casada gostosa<\/h2>\n\n\n\n<p>v\u00eddeo de sexo <strong>Gabbie Luna<\/strong> hotwife safada cheia de tes\u00e3o bem picante (<a href=\"https:\/\/xpprno.com\/index.php\/tag\/gabbie-luna\/\" target=\"_blank\" rel=\"noopener\" title=\"\">V\u00cdDEOS DELA AQUI<\/a>)<\/p>\n\n\n\n<p><\/p>\n","protected":false},"excerpt":{"rendered":"<p>Veja abaixo Top 10 hotwifes brasileiras casadas gostosas, criadoras adultas do ramo liberal fodendo bem gostoso em&#8230;<\/p>\n","protected":false},"author":1,"featured_media":6049,"parent":0,"menu_order":0,"comment_status":"closed","ping_status":"closed","template":"","meta":{"om_disable_all_campaigns":false,"footnotes":""},"class_list":["post-6044","page","type-page","status-publish","has-post-thumbnail","hentry"],"aioseo_notices":[],"_links":{"self":[{"href":"https:\/\/xpprno.com\/index.php\/wp-json\/wp\/v2\/pages\/6044","targetHints":{"allow":["GET"]}}],"collection":[{"href":"https:\/\/xpprno.com\/index.php\/wp-json\/wp\/v2\/pages"}],"about":[{"href":"https:\/\/xpprno.com\/index.php\/wp-json\/wp\/v2\/types\/page"}],"author":[{"embeddable":true,"href":"https:\/\/xpprno.com\/index.php\/wp-json\/wp\/v2\/users\/1"}],"replies":[{"embeddable":true,"href":"https:\/\/xpprno.com\/index.php\/wp-json\/wp\/v2\/comments?post=6044"}],"version-history":[{"count":4,"href":"https:\/\/xpprno.com\/index.php\/wp-json\/wp\/v2\/pages\/6044\/revisions"}],"predecessor-version":[{"id":6051,"href":"https:\/\/xpprno.com\/index.php\/wp-json\/wp\/v2\/pages\/6044\/revisions\/6051"}],"wp:featuredmedia":[{"embeddable":true,"href":"https:\/\/xpprno.com\/index.php\/wp-json\/wp\/v2\/media\/6049"}],"wp:attachment":[{"href":"https:\/\/xpprno.com\/index.php\/wp-json\/wp\/v2\/media?parent=6044"}],"curies":[{"name":"wp","href":"https:\/\/api.w.org\/{rel}","templated":true}]}}